{"id":8,"date":"2018-05-04T16:35:02","date_gmt":"2018-05-04T16:35:02","guid":{"rendered":"http:\/\/lyndalamadrid.com\/blog\/?page_id=8"},"modified":"2022-03-03T17:58:04","modified_gmt":"2022-03-03T17:58:04","slug":"inicio","status":"publish","type":"page","link":"https:\/\/lyndalamadrid.pe\/blog\/","title":{"rendered":"Soy Lynda Lamadrid, Wedding Blogger, Wedding Planner y Event Planner"},"content":{"rendered":"<p style=\"text-align: center;\">Lynda Lamadrid, es Directora de Imagen y Comunicaci\u00f3n de <strong>CAPEV <\/strong>(C\u00e1mara de Profesionales de Eventos del Per\u00fa) y miembro de su comit\u00e9 Interinstitucional; es Coordinadora Nacional de Comunicaci\u00f3n y Prensa de <strong>PROEVENTOS <\/strong>(mesa de trabajo nacional para la reactivaci\u00f3n de la Industria de Bodas y Eventos Sociales); es redactora y correctora de estilo de la <strong>Revista<\/strong> Bodas\u00ae, el medio especializado m\u00e1s importante del Per\u00fa en el sector de Bodas; y ha sido galardonada como MEJOR WEDDING PLANNER PER\u00da (2016, 2017, 2020 y 2021) por <em><strong>Zankyou Weddings\u00ae<\/strong><\/em>\u00a0uno de los m\u00e1s prestigiosos portales internacionales especializado en Bodas.<\/p>\n<p style=\"text-align: center;\"><img loading=\"lazy\" decoding=\"async\" data-attachment-id=\"429\" data-permalink=\"https:\/\/lyndalamadrid.pe\/blog\/index.php\/inicio\/dsc_8752-copiar\/\" data-orig-file=\"https:\/\/i0.wp.com\/lyndalamadrid.pe\/blog\/wp-content\/uploads\/2020\/11\/DSC_8752-Copiar.jpg?fit=1621%2C1080&amp;ssl=1\" data-orig-size=\"1621,1080\" data-comments-opened=\"1\" data-image-meta=\"{&quot;aperture&quot;:&quot;2.2&quot;,&quot;credit&quot;:&quot;&quot;,&quot;camera&quot;:&quot;NIKON Z 6&quot;,&quot;caption&quot;:&quot;&quot;,&quot;created_timestamp&quot;:&quot;1596383716&quot;,&quot;copyright&quot;:&quot;&quot;,&quot;focal_length&quot;:&quot;85&quot;,&quot;iso&quot;:&quot;320&quot;,&quot;shutter_speed&quot;:&quot;0.01&quot;,&quot;title&quot;:&quot;&quot;,&quot;orientation&quot;:&quot;1&quot;}\" data-image-title=\"DSC_8752 (Copiar)\" data-image-description=\"\" data-image-caption=\"\" data-medium-file=\"https:\/\/i0.wp.com\/lyndalamadrid.pe\/blog\/wp-content\/uploads\/2020\/11\/DSC_8752-Copiar.jpg?fit=300%2C200&amp;ssl=1\" data-large-file=\"https:\/\/i0.wp.com\/lyndalamadrid.pe\/blog\/wp-content\/uploads\/2020\/11\/DSC_8752-Copiar.jpg?fit=750%2C500&amp;ssl=1\" tabindex=\"0\" role=\"button\" src=\"https:\/\/i0.wp.com\/lyndalamadrid.pe\/blog\/wp-content\/uploads\/2020\/11\/DSC_8752-Copiar.jpg?resize=458%2C305\" alt=\"\" class=\"wp-image-429  aligncenter\" width=\"458\" height=\"305\" srcset=\"https:\/\/i0.wp.com\/lyndalamadrid.pe\/blog\/wp-content\/uploads\/2020\/11\/DSC_8752-Copiar.jpg?resize=300%2C200&amp;ssl=1 300w, https:\/\/i0.wp.com\/lyndalamadrid.pe\/blog\/wp-content\/uploads\/2020\/11\/DSC_8752-Copiar.jpg?resize=1024%2C682&amp;ssl=1 1024w, https:\/\/i0.wp.com\/lyndalamadrid.pe\/blog\/wp-content\/uploads\/2020\/11\/DSC_8752-Copiar.jpg?resize=768%2C512&amp;ssl=1 768w, https:\/\/i0.wp.com\/lyndalamadrid.pe\/blog\/wp-content\/uploads\/2020\/11\/DSC_8752-Copiar.jpg?resize=1536%2C1023&amp;ssl=1 1536w, https:\/\/i0.wp.com\/lyndalamadrid.pe\/blog\/wp-content\/uploads\/2020\/11\/DSC_8752-Copiar.jpg?resize=360%2C240&amp;ssl=1 360w, https:\/\/i0.wp.com\/lyndalamadrid.pe\/blog\/wp-content\/uploads\/2020\/11\/DSC_8752-Copiar.jpg?resize=272%2C182&amp;ssl=1 272w, https:\/\/i0.wp.com\/lyndalamadrid.pe\/blog\/wp-content\/uploads\/2020\/11\/DSC_8752-Copiar.jpg?w=1621&amp;ssl=1 1621w\" sizes=\"(max-width: 458px) 100vw, 458px\" data-recalc-dims=\"1\" \/><\/p>\n","protected":false},"excerpt":{"rendered":"<p>Lynda Lamadrid, es Directora de Imagen y Comunicaci\u00f3n de CAPEV (C\u00e1mara de Profesionales de Eventos del Per\u00fa) y miembro de su comit\u00e9 Interinstitucional; es Coordinadora Nacional de Comunicaci\u00f3n y Prensa de PROEVENTOS (mesa de trabajo nacional para la reactivaci\u00f3n de la Industria de Bodas y Eventos Sociales); es redactora y [&hellip;]<\/p>\n","protected":false},"author":1,"featured_media":464,"parent":0,"menu_order":0,"comment_status":"closed","ping_status":"closed","template":"","meta":{"jetpack_post_was_ever_published":false,"footnotes":""},"jetpack_sharing_enabled":true,"jetpack_shortlink":"https:\/\/wp.me\/P9SZjT-8","jetpack-related-posts":[],"jetpack_likes_enabled":true,"_links":{"self":[{"href":"https:\/\/lyndalamadrid.pe\/blog\/index.php\/wp-json\/wp\/v2\/pages\/8"}],"collection":[{"href":"https:\/\/lyndalamadrid.pe\/blog\/index.php\/wp-json\/wp\/v2\/pages"}],"about":[{"href":"https:\/\/lyndalamadrid.pe\/blog\/index.php\/wp-json\/wp\/v2\/types\/page"}],"author":[{"embeddable":true,"href":"https:\/\/lyndalamadrid.pe\/blog\/index.php\/wp-json\/wp\/v2\/users\/1"}],"replies":[{"embeddable":true,"href":"https:\/\/lyndalamadrid.pe\/blog\/index.php\/wp-json\/wp\/v2\/comments?post=8"}],"version-history":[{"count":23,"href":"https:\/\/lyndalamadrid.pe\/blog\/index.php\/wp-json\/wp\/v2\/pages\/8\/revisions"}],"predecessor-version":[{"id":508,"href":"https:\/\/lyndalamadrid.pe\/blog\/index.php\/wp-json\/wp\/v2\/pages\/8\/revisions\/508"}],"wp:featuredmedia":[{"embeddable":true,"href":"https:\/\/lyndalamadrid.pe\/blog\/index.php\/wp-json\/wp\/v2\/media\/464"}],"wp:attachment":[{"href":"https:\/\/lyndalamadrid.pe\/blog\/index.php\/wp-json\/wp\/v2\/media?parent=8"}],"curies":[{"name":"wp","href":"https:\/\/api.w.org\/{rel}","templated":true}]}}